{"id":1122,"date":"2019-02-01T13:46:38","date_gmt":"2019-02-01T15:46:38","guid":{"rendered":"http:\/\/www.brasilsustentaveleditora.com.br\/pertencimento\/?post_type=product&#038;p=1122"},"modified":"2025-09-22T14:41:04","modified_gmt":"2025-09-22T17:41:04","slug":"kit-educador-4-anos","status":"publish","type":"product","link":"https:\/\/www.brasilsustentaveleditora.com.br\/pertencimento\/produto\/kit-educador-4-anos\/","title":{"rendered":"KIT DO EDUCADOR 1\u00ba PER\u00cdODO"},"content":{"rendered":"<p><span style=\"font-size: 14pt;\">Conte\u00fados com atividades paradid\u00e1ticas diversas sobre a educa\u00e7\u00e3o ambiental e seus aspectos, com abrang\u00eancias nas 12 (doze) experi\u00eancias da DCNEI (2010) e os campos de experi\u00eancias da educa\u00e7\u00e3o infantil na BNCC (2017): atividades de colorir (coordena\u00e7\u00e3o motora fina e concentra\u00e7\u00e3o), tracejados (desenvolvimento de habilidades motoras finas e concentra\u00e7\u00e3o), labirintos (coordena\u00e7\u00e3o motora e senso direcional), QR Code com um CLIP de anima\u00e7\u00e3o e musicaliza\u00e7\u00e3o do Carlinhos Brown, para cada tema, com a inclus\u00e3o de uma m\u00e1scara por cartilha dos personagens da TURMA PAXU\u00c1 E PARAMIM.<\/span><\/p>\n<p><strong>COMPOSI\u00c7\u00c3O DO KIT DOS EDUCADORES E COORD. PEDAG\u00d3GICOS<\/strong><\/p>\n<h5>&#8211; GOTINHA AMIGA FONTE DE VIDA<\/h5>\n<h5>&#8211; PEQUENOS PROTETORES DA TERRA<\/h5>\n<h5>&#8211; SABORES E SABERES<\/h5>\n<h5>&#8211; INSERINDO A EDUCA\u00c7\u00c3O AMBIENTAL NA EDUCA\u00c7\u00c3O INFANTIL<\/h5>\n<p><strong>ATIVIDADES COMPLEMENTARES:<\/strong><\/p>\n<p>&#8211; M\u00c1SCARAS DOS PERSONAGENS (XU\u00ca, PARAMIM OU PAXU\u00c1, ZUMBABA, AMADINHO OU BATATUXA, FADADA E BRA\u00daNA)<br \/>\n&#8211; 1 FOLHA COM ADESIVOS PARA COLAGEM<br \/>\n&#8211; &#8220;QR CODE&#8217;s&#8221; NAS CARTILHAS COM VIDEO CLIPE MUSICAL DO CARLINHOS BROWN<\/p>\n<p><strong>ITEM FORNECIDO SEM CUSTO ADICIONAL:<\/strong><\/p>\n<p><strong>CURSO EAD \u2013 AUTOINSTRUCIONAL: Capacita\u00e7\u00e3o dos educadores sobre o tema Pertencimento Ambiental, que ser\u00e3o os elementos multiplicadores para a comunidade escolar.<\/strong><\/p>\n<p>&nbsp;<\/p>\n<p>&nbsp;<\/p>\n<p>&nbsp;<\/p>\n","protected":false},"excerpt":{"rendered":"<p>Conte\u00fados com atividades paradid\u00e1ticas diversas sobre a educa\u00e7\u00e3o ambiental e seus aspectos, com abrang\u00eancias nas 12 (doze) experi\u00eancias da DCNEI<\/p>\n","protected":false},"featured_media":1224,"comment_status":"closed","ping_status":"closed","template":"","meta":[],"product_brand":[],"product_cat":[76],"product_tag":[],"class_list":{"0":"post-1122","1":"product","2":"type-product","3":"status-publish","4":"has-post-thumbnail","6":"product_cat-educacao-infantil","8":"first","9":"instock","10":"shipping-taxable","11":"purchasable","12":"product-type-simple"},"_links":{"self":[{"href":"https:\/\/www.brasilsustentaveleditora.com.br\/pertencimento\/wp-json\/wp\/v2\/product\/1122","targetHints":{"allow":["GET"]}}],"collection":[{"href":"https:\/\/www.brasilsustentaveleditora.com.br\/pertencimento\/wp-json\/wp\/v2\/product"}],"about":[{"href":"https:\/\/www.brasilsustentaveleditora.com.br\/pertencimento\/wp-json\/wp\/v2\/types\/product"}],"replies":[{"embeddable":true,"href":"https:\/\/www.brasilsustentaveleditora.com.br\/pertencimento\/wp-json\/wp\/v2\/comments?post=1122"}],"wp:featuredmedia":[{"embeddable":true,"href":"https:\/\/www.brasilsustentaveleditora.com.br\/pertencimento\/wp-json\/wp\/v2\/media\/1224"}],"wp:attachment":[{"href":"https:\/\/www.brasilsustentaveleditora.com.br\/pertencimento\/wp-json\/wp\/v2\/media?parent=1122"}],"wp:term":[{"taxonomy":"product_brand","embeddable":true,"href":"https:\/\/www.brasilsustentaveleditora.com.br\/pertencimento\/wp-json\/wp\/v2\/product_brand?post=1122"},{"taxonomy":"product_cat","embeddable":true,"href":"https:\/\/www.brasilsustentaveleditora.com.br\/pertencimento\/wp-json\/wp\/v2\/product_cat?post=1122"},{"taxonomy":"product_tag","embeddable":true,"href":"https:\/\/www.brasilsustentaveleditora.com.br\/pertencimento\/wp-json\/wp\/v2\/product_tag?post=1122"}],"curies":[{"name":"wp","href":"https:\/\/api.w.org\/{rel}","templated":true}]}}